{"id":8914,"date":"2015-11-11T09:45:33","date_gmt":"2015-11-11T08:45:33","guid":{"rendered":"https:\/\/support.wim.tv\/home-auto-service\/"},"modified":"2015-11-11T09:45:33","modified_gmt":"2015-11-11T08:45:33","slug":"home-auto-service","status":"publish","type":"page","link":"https:\/\/support.wim.tv\/es\/","title":{"rendered":"Home &#8211; Auto Service"},"content":{"rendered":"<div class=\"wpb-content-wrapper\"><p>[vc_row css=\u00bb.vc_custom_1447235382384{margin-top: -30px !important;margin-bottom: 80px !important;}\u00bb][vc_column][rev_slider_vc alias=\u00bbhomees\u00bb][\/vc_column][\/vc_row][vc_row][vc_column][vc_wp_search][\/vc_column][\/vc_row][vc_row el_class=\u00bbfw300&#8243; css=\u00bb.vc_custom_1446654425870{margin-top: 19px !important;margin-bottom: 35px !important;}\u00bb][vc_column width=\u00bb1\/2&#8243;]<div class=\"aio-icon-component    style_1\"><a class=\"aio-icon-box-link\" href=\"http:\/\/supportwimtv-new.local\/wimtv-introduzione\/\" ><div id=\"Info-box-wrap-8454\" class=\"aio-icon-box top-icon\" style=\"\"  ><div class=\"aio-icon-top\"><div class=\"ult-just-icon-wrapper  \"><div class=\"align-icon\" style=\"text-align:center;\">\n<div class=\"aio-icon-img \" style=\"font-size:94px;border-style:solid;border-color:#eeeeee;border-width:3px;padding:0px;border-radius:500px;display:inline-block;\" >\n\t<img decoding=\"async\" class=\"img-icon\" alt=\"null\" src=\"https:\/\/support.wim.tv\/wp-content\/uploads\/2015\/11\/wrench-e1487258484361.png\"\/>\n<\/div><\/div><\/div><\/div><div class=\"aio-icon-header\" ><h3 class=\"aio-icon-title ult-responsive\"  data-ultimate-target='#Info-box-wrap-8454 .aio-icon-title'  data-responsive-json-new='{\"font-size\":\"desktop:24px;\",\"line-height\":\"desktop:32px;\"}'  style=\"\">La plataforma WimTV<\/h3><\/div> <!-- header --><div class=\"aio-icon-description ult-responsive\"  data-ultimate-target='#Info-box-wrap-8454 .aio-icon-description'  data-responsive-json-new='{\"font-size\":\"desktop:16px;\",\"line-height\":\"desktop:22px;\"}'  style=\"color:#9da1ad;\">Ingresa a la p\u00e1gina dedicada a la plataforma WimTV y ve a las p\u00e1ginas de soporte de los diferentes servicios<\/div> <!-- description --><\/div> <!-- aio-icon-box --><\/a><\/div> <!-- aio-icon-component -->[\/vc_column][vc_column width=\u00bb1\/2&#8243;]<div class=\"aio-icon-component    style_1\"><a class=\"aio-icon-box-link\" href=\"http:\/\/supportwimtv-new.local\/wimtv-faq\/\" ><div id=\"Info-box-wrap-8020\" class=\"aio-icon-box top-icon\" style=\"\"  ><div class=\"aio-icon-top\"><div class=\"ult-just-icon-wrapper  \"><div class=\"align-icon\" style=\"text-align:center;\">\n<div class=\"aio-icon-img \" style=\"font-size:94px;border-style:solid;border-color:#eeeeee;border-width:3px;padding:0px;border-radius:500px;display:inline-block;\" >\n\t<img decoding=\"async\" class=\"img-icon\" alt=\"null\" src=\"https:\/\/support.wim.tv\/wp-content\/uploads\/2017\/02\/question-e1487258787658.png\"\/>\n<\/div><\/div><\/div><\/div><div class=\"aio-icon-header\" ><h3 class=\"aio-icon-title ult-responsive\"  data-ultimate-target='#Info-box-wrap-8020 .aio-icon-title'  data-responsive-json-new='{\"font-size\":\"desktop:24px;\",\"line-height\":\"desktop:32px;\"}'  style=\"\">Preguntas frecuentes<\/h3><\/div> <!-- header --><div class=\"aio-icon-description ult-responsive\"  data-ultimate-target='#Info-box-wrap-8020 .aio-icon-description'  data-responsive-json-new='{\"font-size\":\"desktop:16px;\",\"line-height\":\"desktop:22px;\"}'  style=\"color:#9da1ad;\">Ve a la p\u00e1gina de preguntas frecuentes y encuentra la informaci\u00f3n que necesitas.<\/div> <!-- description --><\/div> <!-- aio-icon-box --><\/a><\/div> <!-- aio-icon-component -->[\/vc_column][\/vc_row][vc_row bg_type=\u00bbimage\u00bb parallax_style=\u00bbvcpb-default\u00bb bg_image_new=\u00bbid^7527|url^https:\/\/support.wim.tv\/wp-content\/uploads\/2015\/11\/background.jpg|caption^null|alt^null|title^background|description^null\u00bb bg_image_posiiton=\u00bbcenter bottom\u00bb bg_override=\u00bbfull\u00bb css=\u00bb.vc_custom_1487250245930{margin-bottom: 0px !important;padding-top: 65px !important;padding-bottom: 65px !important;background-color: #37c3d0 !important;}\u00bb][vc_column]<div id=\"ultimate-heading-467369da29f883e9f\" class=\"uvc-heading ult-adjust-bottom-margin ultimate-heading-467369da29f883e9f uvc-5442 \" data-hspacer=\"line_with_icon\" data-hline_width=\"280\" data-hicon_type=\"custom\" data-hborder_style=\"solid\" data-hborder_height=\"1\" data-hborder_color=\"#ffffff\" data-icon_width=\"20\" data-hfixer=\"10\"  data-halign=\"center\" style=\"text-align:center\"><div class=\"uvc-main-heading ult-responsive\"  data-ultimate-target='.uvc-heading.ultimate-heading-467369da29f883e9f h2'  data-responsive-json-new='{\"font-size\":\"\",\"line-height\":\"\"}' ><h2 style=\"font-weight:bold;color:#ffffff;\">Los servicios de WimTV<\/h2><\/div><div class=\"uvc-heading-spacer line_with_icon\" style=\"margin-top:18px;margin-bottom:25px;\"><div class=\"ult-just-icon-wrapper  \"><div class=\"align-icon\" style=\"text-align:center;\">\n<div class=\"aio-icon-img \" style=\"font-size:20px;display:inline-block;\" >\n\t<img decoding=\"async\" class=\"img-icon\" alt=\"\" src=\"https:\/\/support.wim.tv\/wp-content\/uploads\/2017\/02\/play-button-1.png\"\/>\n<\/div><\/div><\/div><\/div><div class=\"uvc-sub-heading ult-responsive\"  data-ultimate-target='.uvc-heading.ultimate-heading-467369da29f883e9f .uvc-sub-heading '  data-responsive-json-new='{\"font-size\":\"\",\"line-height\":\"\"}'  style=\"font-weight:normal;color:#ffffff;margin-bottom:40px;\">WimTV es la plataforma profesional para gestionar tus v\u00eddeos en l\u00ednea. Obten acceso a los servicios, ve videos de tutorial y toda la informaci\u00f3n, y optimiza tu trabajo<\/div><\/div>[vc_row_inner][vc_column_inner width=\u00bb1\/3&#8243;]<div class=\"aio-icon-component    style_1\"><div id=\"Info-box-wrap-6017\" class=\"aio-icon-box default-icon\" style=\"\"  ><div class=\"aio-icon-default\"><div class=\"ult-just-icon-wrapper  \"><div class=\"align-icon\" style=\"text-align:center;\">\n<div class=\"aio-icon-img \" style=\"font-size:48px;display:inline-block;\" >\n\t<img decoding=\"async\" class=\"img-icon\" alt=\"null\" src=\"https:\/\/support.wim.tv\/wp-content\/uploads\/2017\/02\/folder-e1487245408790.png\"\/>\n<\/div><\/div><\/div><\/div><div class=\"aio-icon-header\" ><h3 class=\"aio-icon-title ult-responsive\"  data-ultimate-target='#Info-box-wrap-6017 .aio-icon-title'  data-responsive-json-new='{\"font-size\":\"\",\"line-height\":\"\"}'  style=\"\">WimBox<\/h3><\/div> <!-- header --><div class=\"aio-icon-description ult-responsive\"  data-ultimate-target='#Info-box-wrap-6017 .aio-icon-description'  data-responsive-json-new='{\"font-size\":\"\",\"line-height\":\"\"}'  style=\"\">Carga y administra tus videos<\/div> <!-- description --><\/div> <!-- aio-icon-box --><\/div> <!-- aio-icon-component -->[\/vc_column_inner][vc_column_inner width=\u00bb1\/3&#8243;]<div class=\"aio-icon-component    style_1\"><div id=\"Info-box-wrap-8576\" class=\"aio-icon-box default-icon\" style=\"\"  ><div class=\"aio-icon-default\"><div class=\"ult-just-icon-wrapper  \"><div class=\"align-icon\" style=\"text-align:center;\">\n<div class=\"aio-icon-img \" style=\"font-size:48px;display:inline-block;\" >\n\t<img decoding=\"async\" class=\"img-icon\" alt=\"null\" src=\"https:\/\/support.wim.tv\/wp-content\/uploads\/2017\/02\/play-e1487245434239.png\"\/>\n<\/div><\/div><\/div><\/div><div class=\"aio-icon-header\" ><h3 class=\"aio-icon-title ult-responsive\"  data-ultimate-target='#Info-box-wrap-8576 .aio-icon-title'  data-responsive-json-new='{\"font-size\":\"\",\"line-height\":\"\"}'  style=\"\">WimVod<\/h3><\/div> <!-- header --><div class=\"aio-icon-description ult-responsive\"  data-ultimate-target='#Info-box-wrap-8576 .aio-icon-description'  data-responsive-json-new='{\"font-size\":\"\",\"line-height\":\"\"}'  style=\"\">Administrar tus videos publicados<\/div> <!-- description --><\/div> <!-- aio-icon-box --><\/div> <!-- aio-icon-component -->[\/vc_column_inner][vc_column_inner width=\u00bb1\/3&#8243;]<div class=\"aio-icon-component    style_1\"><div id=\"Info-box-wrap-9899\" class=\"aio-icon-box default-icon\" style=\"\"  ><div class=\"aio-icon-default\"><div class=\"ult-just-icon-wrapper  \"><div class=\"align-icon\" style=\"text-align:center;\">\n<div class=\"aio-icon-img \" style=\"font-size:48px;display:inline-block;\" >\n\t<img decoding=\"async\" class=\"img-icon\" alt=\"null\" src=\"https:\/\/support.wim.tv\/wp-content\/uploads\/2017\/02\/camera-e1487245446501.png\"\/>\n<\/div><\/div><\/div><\/div><div class=\"aio-icon-header\" ><h3 class=\"aio-icon-title ult-responsive\"  data-ultimate-target='#Info-box-wrap-9899 .aio-icon-title'  data-responsive-json-new='{\"font-size\":\"\",\"line-height\":\"\"}'  style=\"\">WimLive<\/h3><\/div> <!-- header --><div class=\"aio-icon-description ult-responsive\"  data-ultimate-target='#Info-box-wrap-9899 .aio-icon-description'  data-responsive-json-new='{\"font-size\":\"\",\"line-height\":\"\"}'  style=\"\">Transmite tu evento en vivo<\/div> <!-- description --><\/div> <!-- aio-icon-box --><\/div> <!-- aio-icon-component -->[\/vc_column_inner][\/vc_row_inner][vc_row_inner][vc_column_inner width=\u00bb1\/3&#8243;]<div class=\"aio-icon-component    style_1\"><a class=\"aio-icon-box-link\" href=\"http:\/\/supportwimtv-new.local\/wimcast\/\" ><div id=\"Info-box-wrap-1024\" class=\"aio-icon-box default-icon\" style=\"\"  ><div class=\"aio-icon-default\"><div class=\"ult-just-icon-wrapper  \"><div class=\"align-icon\" style=\"text-align:center;\">\n<div class=\"aio-icon-img \" style=\"font-size:48px;display:inline-block;\" >\n\t<img decoding=\"async\" class=\"img-icon\" alt=\"null\" src=\"https:\/\/support.wim.tv\/wp-content\/uploads\/2017\/04\/calendar.png\"\/>\n<\/div><\/div><\/div><\/div><div class=\"aio-icon-header\" ><h3 class=\"aio-icon-title ult-responsive\"  data-ultimate-target='#Info-box-wrap-1024 .aio-icon-title'  data-responsive-json-new='{\"font-size\":\"\",\"line-height\":\"\"}'  style=\"\">WimCast<\/h3><\/div> <!-- header --><div class=\"aio-icon-description ult-responsive\"  data-ultimate-target='#Info-box-wrap-1024 .aio-icon-description'  data-responsive-json-new='{\"font-size\":\"\",\"line-height\":\"\"}'  style=\"\">Crea servicios programados de estilo televisivo!<\/div> <!-- description --><\/div> <!-- aio-icon-box --><\/a><\/div> <!-- aio-icon-component -->[\/vc_column_inner][vc_column_inner width=\u00bb1\/3&#8243;]<div class=\"aio-icon-component    style_1\"><div id=\"Info-box-wrap-1904\" class=\"aio-icon-box default-icon\" style=\"\"  ><div class=\"aio-icon-default\"><div class=\"ult-just-icon-wrapper  \"><div class=\"align-icon\" style=\"text-align:center;\">\n<div class=\"aio-icon-img \" style=\"font-size:48px;display:inline-block;\" >\n\t<img decoding=\"async\" class=\"img-icon\" alt=\"null\" src=\"https:\/\/support.wim.tv\/wp-content\/uploads\/2017\/02\/agreement-e1487245469155.png\"\/>\n<\/div><\/div><\/div><\/div><div class=\"aio-icon-header\" ><h3 class=\"aio-icon-title ult-responsive\"  data-ultimate-target='#Info-box-wrap-1904 .aio-icon-title'  data-responsive-json-new='{\"font-size\":\"\",\"line-height\":\"\"}'  style=\"\">WimTrade<\/h3><\/div> <!-- header --><div class=\"aio-icon-description ult-responsive\"  data-ultimate-target='#Info-box-wrap-1904 .aio-icon-description'  data-responsive-json-new='{\"font-size\":\"\",\"line-height\":\"\"}'  style=\"\">Vende o compra videos en nuestro mercado<\/div> <!-- description --><\/div> <!-- aio-icon-box --><\/div> <!-- aio-icon-component -->[\/vc_column_inner][vc_column_inner width=\u00bb1\/3&#8243;][\/vc_column_inner][\/vc_row_inner][\/vc_column][\/vc_row][vc_row css=\u00bb.vc_custom_1447151984918{margin-bottom: 55px !important;}\u00bb][vc_column css=\u00bb.vc_custom_1487253180828{margin-top: 60px !important;}\u00bb]<div id=\"ultimate-heading-542969da29f884f04\" class=\"uvc-heading ult-adjust-bottom-margin ultimate-heading-542969da29f884f04 uvc-2311 \" data-hspacer=\"line_with_icon\" data-hline_width=\"280\" data-hicon_type=\"custom\" data-hborder_style=\"solid\" data-hborder_height=\"1\" data-hborder_color=\"#eeeeee\" data-icon_width=\"20\" data-hfixer=\"10\"  data-halign=\"center\" style=\"text-align:center\"><div class=\"uvc-main-heading ult-responsive\"  data-ultimate-target='.uvc-heading.ultimate-heading-542969da29f884f04 h2'  data-responsive-json-new='{\"font-size\":\"\",\"line-height\":\"\"}' ><h2 style=\"font-weight:bold;\">Est\u00e1s en el lugar justo<\/h2><\/div><div class=\"uvc-heading-spacer line_with_icon\" style=\"margin-top:18px;margin-bottom:25px;\"><div class=\"ult-just-icon-wrapper  \"><div class=\"align-icon\" style=\"text-align:center;\">\n<div class=\"aio-icon-img \" style=\"font-size:20px;display:inline-block;\" >\n\t<img decoding=\"async\" class=\"img-icon\" alt=\"\" src=\"https:\/\/support.wim.tv\/wp-content\/uploads\/2017\/02\/like.png\"\/>\n<\/div><\/div><\/div><\/div><div class=\"uvc-sub-heading ult-responsive\"  data-ultimate-target='.uvc-heading.ultimate-heading-542969da29f884f04 .uvc-sub-heading '  data-responsive-json-new='{\"font-size\":\"\",\"line-height\":\"\"}'  style=\"font-weight:normal;\">El soporte y el servicio al cliente son nuestras fortalezas. P\u00f3nte en contacto con nosotros para obtener informaci\u00f3n sobre el uso de la plataforma u otros requisitos relacionados con el uso del video en tu empresa<\/div><\/div>[\/vc_column][\/vc_row][vc_row css=\u00bb.vc_custom_1447859137643{padding-bottom: 30px !important;}\u00bb][vc_column][vc_progress_bar values=\u00bb%5B%7B%22label%22%3A%22Servicio%20de%20asistencia%20v%C3%ADa%20correo%20electr%C3%B3nico%22%2C%22value%22%3A%22100%22%2C%22color%22%3A%22custom%22%2C%22customcolor%22%3A%22%23f1494b%22%2C%22customtxtcolor%22%3A%22%23ffffff%22%7D%2C%7B%22label%22%3A%22Servicio%20de%20asistencia%20a%20trav%C3%A9s%20de%20Live%20Chat%22%2C%22value%22%3A%22100%22%2C%22color%22%3A%22custom%22%2C%22customcolor%22%3A%22%23fecc17%22%2C%22customtxtcolor%22%3A%22%23ffffff%22%7D%2C%7B%22label%22%3A%22Servicio%20de%20asistencia%20a%20trav%C3%A9s%20de%20l%C3%ADnea%20de%20ayuda%22%2C%22value%22%3A%22100%22%2C%22color%22%3A%22custom%22%2C%22customcolor%22%3A%22%233db39e%22%2C%22customtxtcolor%22%3A%22%23ffffff%22%7D%2C%7B%22label%22%3A%22Sitio%20de%20soporte%22%2C%22value%22%3A%22100%22%2C%22color%22%3A%22custom%22%2C%22customcolor%22%3A%22%2308c1f3%22%2C%22customtxtcolor%22%3A%22%23ffffff%22%7D%5D\u00bb css=\u00bb.vc_custom_1487338580720{margin-top: 6px !important;}\u00bb][\/vc_column][\/vc_row]<\/p>\n<\/div>","protected":false},"excerpt":{"rendered":"<p>[vc_row css=\u00bb.vc_custom_1447235382384{margin-top: -30px !important;margin-bottom: 80px !important;}\u00bb][vc_column][rev_slider_vc alias=\u00bbhomees\u00bb][\/vc_column][\/vc_row][vc_row][vc_column][vc_wp_search][\/vc_column][\/vc_row][vc_row el_class=\u00bbfw300&#8243; css=\u00bb.vc_custom_1446654425870{margin-top: 19px !important;margin-bottom: 35px !important;}\u00bb][vc_column width=\u00bb1\/2&#8243;][\/vc_column][vc_column width=\u00bb1\/2&#8243;][\/vc_column][\/vc_row][vc_row bg_type=\u00bbimage\u00bb parallax_style=\u00bbvcpb-default\u00bb bg_image_new=\u00bbid^7527|url^https:\/\/support.wim.tv\/wp-content\/uploads\/2015\/11\/background.jpg|caption^null|alt^null|title^background|description^null\u00bb bg_image_posiiton=\u00bbcenter bottom\u00bb bg_override=\u00bbfull\u00bb css=\u00bb.vc_custom_1487250245930{margin-bottom: 0px !important;padding-top: 65px !important;padding-bottom: 65px !important;background-color: #37c3d0 !important;}\u00bb][vc_column][vc_row_inner][vc_column_inner width=\u00bb1\/3&#8243;][\/vc_column_inner][vc_column_inner width=\u00bb1\/3&#8243;][\/vc_column_inner][vc_column_inner width=\u00bb1\/3&#8243;][\/vc_column_inner][\/vc_row_inner][vc_row_inner][vc_column_inner width=\u00bb1\/3&#8243;][\/vc_column_inner][vc_column_inner width=\u00bb1\/3&#8243;][\/vc_column_inner][vc_column_inner width=\u00bb1\/3&#8243;][\/vc_column_inner][\/vc_row_inner][\/vc_column][\/vc_row][vc_row css=\u00bb.vc_custom_1447151984918{margin-bottom: 55px !important;}\u00bb][vc_column css=\u00bb.vc_custom_1487253180828{margin-top: 60px !important;}\u00bb][\/vc_column][\/vc_row][vc_row css=\u00bb.vc_custom_1447859137643{padding-bottom: 30px !important;}\u00bb][vc_column][vc_progress_bar values=\u00bb%5B%7B%22label%22%3A%22Servicio%20de%20asistencia%20v%C3%ADa%20correo%20electr%C3%B3nico%22%2C%22value%22%3A%22100%22%2C%22color%22%3A%22custom%22%2C%22customcolor%22%3A%22%23f1494b%22%2C%22customtxtcolor%22%3A%22%23ffffff%22%7D%2C%7B%22label%22%3A%22Servicio%20de%20asistencia%20a%20trav%C3%A9s%20de%20Live%20Chat%22%2C%22value%22%3A%22100%22%2C%22color%22%3A%22custom%22%2C%22customcolor%22%3A%22%23fecc17%22%2C%22customtxtcolor%22%3A%22%23ffffff%22%7D%2C%7B%22label%22%3A%22Servicio%20de%20asistencia%20a%20trav%C3%A9s%20de%20l%C3%ADnea%20de%20ayuda%22%2C%22value%22%3A%22100%22%2C%22color%22%3A%22custom%22%2C%22customcolor%22%3A%22%233db39e%22%2C%22customtxtcolor%22%3A%22%23ffffff%22%7D%2C%7B%22label%22%3A%22Sitio%20de%20soporte%22%2C%22value%22%3A%22100%22%2C%22color%22%3A%22custom%22%2C%22customcolor%22%3A%22%2308c1f3%22%2C%22customtxtcolor%22%3A%22%23ffffff%22%7D%5D\u00bb css=\u00bb.vc_custom_1487338580720{margin-top: 6px !important;}\u00bb][\/vc_column][\/vc_row]<\/p>\n","protected":false},"author":53,"featured_media":0,"parent":0,"menu_order":0,"comment_status":"closed","ping_status":"closed","template":"","meta":{"footnotes":""},"class_list":["post-8914","page","type-page","status-publish","hentry"],"aioseo_notices":[],"_links":{"self":[{"href":"https:\/\/support.wim.tv\/es\/wp-json\/wp\/v2\/pages\/8914","targetHints":{"allow":["GET"]}}],"collection":[{"href":"https:\/\/support.wim.tv\/es\/wp-json\/wp\/v2\/pages"}],"about":[{"href":"https:\/\/support.wim.tv\/es\/wp-json\/wp\/v2\/types\/page"}],"author":[{"embeddable":true,"href":"https:\/\/support.wim.tv\/es\/wp-json\/wp\/v2\/users\/53"}],"replies":[{"embeddable":true,"href":"https:\/\/support.wim.tv\/es\/wp-json\/wp\/v2\/comments?post=8914"}],"version-history":[{"count":0,"href":"https:\/\/support.wim.tv\/es\/wp-json\/wp\/v2\/pages\/8914\/revisions"}],"wp:attachment":[{"href":"https:\/\/support.wim.tv\/es\/wp-json\/wp\/v2\/media?parent=8914"}],"curies":[{"name":"wp","href":"https:\/\/api.w.org\/{rel}","templated":true}]}}