{"id":8913,"date":"2015-11-11T09:45:33","date_gmt":"2015-11-11T08:45:33","guid":{"rendered":"https:\/\/support.wim.tv\/home-auto-service\/"},"modified":"2015-11-11T09:45:33","modified_gmt":"2015-11-11T08:45:33","slug":"home-auto-service","status":"publish","type":"page","link":"https:\/\/support.wim.tv\/fr\/","title":{"rendered":"Home &#8211; Auto Service"},"content":{"rendered":"<div class=\"wpb-content-wrapper\"><p>[vc_row css=\u00a0\u00bb.vc_custom_1447235382384{margin-top: -30px !important;margin-bottom: 80px !important;}\u00a0\u00bb][vc_column][rev_slider_vc alias=\u00a0\u00bbhomefr\u00a0\u00bb][\/vc_column][\/vc_row][vc_row][vc_column][vc_wp_search][\/vc_column][\/vc_row][vc_row el_class=\u00a0\u00bbfw300&Prime; css=\u00a0\u00bb.vc_custom_1446654425870{margin-top: 19px !important;margin-bottom: 35px !important;}\u00a0\u00bb][vc_column width=\u00a0\u00bb1\/2&Prime;]<div class=\"aio-icon-component    style_1\"><a class=\"aio-icon-box-link\" href=\"http:\/\/supportwimtv-new.local\/wimtv-introduzione\/\" ><div id=\"Info-box-wrap-6844\" class=\"aio-icon-box top-icon\" style=\"\"  ><div class=\"aio-icon-top\"><div class=\"ult-just-icon-wrapper  \"><div class=\"align-icon\" style=\"text-align:center;\">\n<div class=\"aio-icon-img \" style=\"font-size:94px;border-style:solid;border-color:#eeeeee;border-width:3px;padding:0px;border-radius:500px;display:inline-block;\" >\n\t<img decoding=\"async\" class=\"img-icon\" alt=\"null\" src=\"https:\/\/support.wim.tv\/wp-content\/uploads\/2015\/11\/wrench-e1487258484361.png\"\/>\n<\/div><\/div><\/div><\/div><div class=\"aio-icon-header\" ><h3 class=\"aio-icon-title ult-responsive\"  data-ultimate-target='#Info-box-wrap-6844 .aio-icon-title'  data-responsive-json-new='{\"font-size\":\"desktop:24px;\",\"line-height\":\"desktop:32px;\"}'  style=\"\">La plateforme WimTV<\/h3><\/div> <!-- header --><div class=\"aio-icon-description ult-responsive\"  data-ultimate-target='#Info-box-wrap-6844 .aio-icon-description'  data-responsive-json-new='{\"font-size\":\"desktop:16px;\",\"line-height\":\"desktop:22px;\"}'  style=\"color:#9da1ad;\">Entre dans la page d\u00e9di\u00e9e \u00e0 la plateforme WimTV et visualise les pages de support des diff\u00e9rents services<\/div> <!-- description --><\/div> <!-- aio-icon-box --><\/a><\/div> <!-- aio-icon-component -->[\/vc_column][vc_column width=\u00a0\u00bb1\/2&Prime;]<div class=\"aio-icon-component    style_1\"><a class=\"aio-icon-box-link\" href=\"http:\/\/supportwimtv-new.local\/wimtv-faq\/\" ><div id=\"Info-box-wrap-6606\" class=\"aio-icon-box top-icon\" style=\"\"  ><div class=\"aio-icon-top\"><div class=\"ult-just-icon-wrapper  \"><div class=\"align-icon\" style=\"text-align:center;\">\n<div class=\"aio-icon-img \" style=\"font-size:94px;border-style:solid;border-color:#eeeeee;border-width:3px;padding:0px;border-radius:500px;display:inline-block;\" >\n\t<img decoding=\"async\" class=\"img-icon\" alt=\"null\" src=\"https:\/\/support.wim.tv\/wp-content\/uploads\/2017\/02\/question-e1487258787658.png\"\/>\n<\/div><\/div><\/div><\/div><div class=\"aio-icon-header\" ><h3 class=\"aio-icon-title ult-responsive\"  data-ultimate-target='#Info-box-wrap-6606 .aio-icon-title'  data-responsive-json-new='{\"font-size\":\"desktop:24px;\",\"line-height\":\"desktop:32px;\"}'  style=\"\">Questions fr\u00e9quemment pos\u00e9es<\/h3><\/div> <!-- header --><div class=\"aio-icon-description ult-responsive\"  data-ultimate-target='#Info-box-wrap-6606 .aio-icon-description'  data-responsive-json-new='{\"font-size\":\"desktop:16px;\",\"line-height\":\"desktop:22px;\"}'  style=\"color:#9da1ad;\">Va \u00e0 la page des questions fr\u00e9quemment pos\u00e9es et trouve les informations dont tu as besoin!<\/div> <!-- description --><\/div> <!-- aio-icon-box --><\/a><\/div> <!-- aio-icon-component -->[\/vc_column][\/vc_row][vc_row bg_type=\u00a0\u00bbimage\u00a0\u00bb parallax_style=\u00a0\u00bbvcpb-default\u00a0\u00bb bg_image_new=\u00a0\u00bbid^7527|url^https:\/\/support.wim.tv\/wp-content\/uploads\/2015\/11\/background.jpg|caption^null|alt^null|title^background|description^null\u00a0\u00bb bg_image_posiiton=\u00a0\u00bbcenter bottom\u00a0\u00bb bg_override=\u00a0\u00bbfull\u00a0\u00bb css=\u00a0\u00bb.vc_custom_1487250245930{margin-bottom: 0px !important;padding-top: 65px !important;padding-bottom: 65px !important;background-color: #37c3d0 !important;}\u00a0\u00bb][vc_column]<div id=\"ultimate-heading-11169e6e1b227b9a\" class=\"uvc-heading ult-adjust-bottom-margin ultimate-heading-11169e6e1b227b9a uvc-9922 \" data-hspacer=\"line_with_icon\" data-hline_width=\"280\" data-hicon_type=\"custom\" data-hborder_style=\"solid\" data-hborder_height=\"1\" data-hborder_color=\"#ffffff\" data-icon_width=\"20\" data-hfixer=\"10\"  data-halign=\"center\" style=\"text-align:center\"><div class=\"uvc-main-heading ult-responsive\"  data-ultimate-target='.uvc-heading.ultimate-heading-11169e6e1b227b9a h2'  data-responsive-json-new='{\"font-size\":\"\",\"line-height\":\"\"}' ><h2 style=\"font-weight:bold;color:#ffffff;\">Les services WimTV<\/h2><\/div><div class=\"uvc-heading-spacer line_with_icon\" style=\"margin-top:18px;margin-bottom:25px;\"><div class=\"ult-just-icon-wrapper  \"><div class=\"align-icon\" style=\"text-align:center;\">\n<div class=\"aio-icon-img \" style=\"font-size:20px;display:inline-block;\" >\n\t<img decoding=\"async\" class=\"img-icon\" alt=\"\" src=\"https:\/\/support.wim.tv\/wp-content\/uploads\/2017\/02\/play-button-1.png\"\/>\n<\/div><\/div><\/div><\/div><div class=\"uvc-sub-heading ult-responsive\"  data-ultimate-target='.uvc-heading.ultimate-heading-11169e6e1b227b9a .uvc-sub-heading '  data-responsive-json-new='{\"font-size\":\"\",\"line-height\":\"\"}'  style=\"font-weight:normal;color:#ffffff;margin-bottom:40px;\">WimTV est la plate-forme professionnelle pour g\u00e9rer tes vid\u00e9os en ligne. Acc\u00e8de aux services, visualise les vid\u00e9os didactiques et toutes les informations, et optimise ton travail<\/div><\/div>[vc_row_inner][vc_column_inner width=\u00a0\u00bb1\/3&Prime;]<div class=\"aio-icon-component    style_1\"><a class=\"aio-icon-box-link\" href=\"http:\/\/supportwimtv-new.local\/wimtv-wimbox\/\" ><div id=\"Info-box-wrap-3344\" class=\"aio-icon-box default-icon\" style=\"\"  ><div class=\"aio-icon-default\"><div class=\"ult-just-icon-wrapper  \"><div class=\"align-icon\" style=\"text-align:center;\">\n<div class=\"aio-icon-img \" style=\"font-size:48px;display:inline-block;\" >\n\t<img decoding=\"async\" class=\"img-icon\" alt=\"null\" src=\"https:\/\/support.wim.tv\/wp-content\/uploads\/2017\/02\/folder-e1487245408790.png\"\/>\n<\/div><\/div><\/div><\/div><div class=\"aio-icon-header\" ><h3 class=\"aio-icon-title ult-responsive\"  data-ultimate-target='#Info-box-wrap-3344 .aio-icon-title'  data-responsive-json-new='{\"font-size\":\"\",\"line-height\":\"\"}'  style=\"\">WimBox<\/h3><\/div> <!-- header --><div class=\"aio-icon-description ult-responsive\"  data-ultimate-target='#Info-box-wrap-3344 .aio-icon-description'  data-responsive-json-new='{\"font-size\":\"\",\"line-height\":\"\"}'  style=\"\">Importe et g\u00e8re tes vid\u00e9os<\/div> <!-- description --><\/div> <!-- aio-icon-box --><\/a><\/div> <!-- aio-icon-component -->[\/vc_column_inner][vc_column_inner width=\u00a0\u00bb1\/3&Prime;]<div class=\"aio-icon-component    style_1\"><a class=\"aio-icon-box-link\" href=\"http:\/\/supportwimtv-new.local\/wimtv-wimvod\/\" ><div id=\"Info-box-wrap-5369\" class=\"aio-icon-box default-icon\" style=\"\"  ><div class=\"aio-icon-default\"><div class=\"ult-just-icon-wrapper  \"><div class=\"align-icon\" style=\"text-align:center;\">\n<div class=\"aio-icon-img \" style=\"font-size:48px;display:inline-block;\" >\n\t<img decoding=\"async\" class=\"img-icon\" alt=\"null\" src=\"https:\/\/support.wim.tv\/wp-content\/uploads\/2017\/02\/play-e1487245434239.png\"\/>\n<\/div><\/div><\/div><\/div><div class=\"aio-icon-header\" ><h3 class=\"aio-icon-title ult-responsive\"  data-ultimate-target='#Info-box-wrap-5369 .aio-icon-title'  data-responsive-json-new='{\"font-size\":\"\",\"line-height\":\"\"}'  style=\"\">WimVod<\/h3><\/div> <!-- header --><div class=\"aio-icon-description ult-responsive\"  data-ultimate-target='#Info-box-wrap-5369 .aio-icon-description'  data-responsive-json-new='{\"font-size\":\"\",\"line-height\":\"\"}'  style=\"\">G\u00e8re tes vid\u00e9os publi\u00e9es<\/div> <!-- description --><\/div> <!-- aio-icon-box --><\/a><\/div> <!-- aio-icon-component -->[\/vc_column_inner][vc_column_inner width=\u00a0\u00bb1\/3&Prime;]<div class=\"aio-icon-component    style_1\"><a class=\"aio-icon-box-link\" href=\"http:\/\/supportwimtv-new.local\/wimtv-wimlive\/\" ><div id=\"Info-box-wrap-5199\" class=\"aio-icon-box default-icon\" style=\"\"  ><div class=\"aio-icon-default\"><div class=\"ult-just-icon-wrapper  \"><div class=\"align-icon\" style=\"text-align:center;\">\n<div class=\"aio-icon-img \" style=\"font-size:48px;display:inline-block;\" >\n\t<img decoding=\"async\" class=\"img-icon\" alt=\"null\" src=\"https:\/\/support.wim.tv\/wp-content\/uploads\/2017\/02\/camera-e1487245446501.png\"\/>\n<\/div><\/div><\/div><\/div><div class=\"aio-icon-header\" ><h3 class=\"aio-icon-title ult-responsive\"  data-ultimate-target='#Info-box-wrap-5199 .aio-icon-title'  data-responsive-json-new='{\"font-size\":\"\",\"line-height\":\"\"}'  style=\"\">WimLive<\/h3><\/div> <!-- header --><div class=\"aio-icon-description ult-responsive\"  data-ultimate-target='#Info-box-wrap-5199 .aio-icon-description'  data-responsive-json-new='{\"font-size\":\"\",\"line-height\":\"\"}'  style=\"\">Transmets tes \u00e9v\u00e9nements en direct<\/div> <!-- description --><\/div> <!-- aio-icon-box --><\/a><\/div> <!-- aio-icon-component -->[\/vc_column_inner][\/vc_row_inner][vc_row_inner][vc_column_inner width=\u00a0\u00bb1\/3&Prime;]<div class=\"aio-icon-component    style_1\"><a class=\"aio-icon-box-link\" href=\"http:\/\/supportwimtv-new.local\/wimcast\/\" ><div id=\"Info-box-wrap-9525\" class=\"aio-icon-box default-icon\" style=\"\"  ><div class=\"aio-icon-default\"><div class=\"ult-just-icon-wrapper  \"><div class=\"align-icon\" style=\"text-align:center;\">\n<div class=\"aio-icon-img \" style=\"font-size:48px;display:inline-block;\" >\n\t<img decoding=\"async\" class=\"img-icon\" alt=\"null\" src=\"https:\/\/support.wim.tv\/wp-content\/uploads\/2017\/04\/calendar.png\"\/>\n<\/div><\/div><\/div><\/div><div class=\"aio-icon-header\" ><h3 class=\"aio-icon-title ult-responsive\"  data-ultimate-target='#Info-box-wrap-9525 .aio-icon-title'  data-responsive-json-new='{\"font-size\":\"\",\"line-height\":\"\"}'  style=\"\">WimCast<\/h3><\/div> <!-- header --><div class=\"aio-icon-description ult-responsive\"  data-ultimate-target='#Info-box-wrap-9525 .aio-icon-description'  data-responsive-json-new='{\"font-size\":\"\",\"line-height\":\"\"}'  style=\"\">Cr\u00e9e des services programm\u00e9s\u00a0comme \u00e0 la t\u00e9l\u00e9vision!<\/div> <!-- description --><\/div> <!-- aio-icon-box --><\/a><\/div> <!-- aio-icon-component -->[\/vc_column_inner][vc_column_inner width=\u00a0\u00bb1\/3&Prime;]<div class=\"aio-icon-component    style_1\"><a class=\"aio-icon-box-link\" href=\"http:\/\/supportwimtv-new.local\/wimtrade\/\" ><div id=\"Info-box-wrap-3718\" class=\"aio-icon-box default-icon\" style=\"\"  ><div class=\"aio-icon-default\"><div class=\"ult-just-icon-wrapper  \"><div class=\"align-icon\" style=\"text-align:center;\">\n<div class=\"aio-icon-img \" style=\"font-size:48px;display:inline-block;\" >\n\t<img decoding=\"async\" class=\"img-icon\" alt=\"null\" src=\"https:\/\/support.wim.tv\/wp-content\/uploads\/2017\/02\/agreement-e1487245469155.png\"\/>\n<\/div><\/div><\/div><\/div><div class=\"aio-icon-header\" ><h3 class=\"aio-icon-title ult-responsive\"  data-ultimate-target='#Info-box-wrap-3718 .aio-icon-title'  data-responsive-json-new='{\"font-size\":\"\",\"line-height\":\"\"}'  style=\"\">WimTrade<\/h3><\/div> <!-- header --><div class=\"aio-icon-description ult-responsive\"  data-ultimate-target='#Info-box-wrap-3718 .aio-icon-description'  data-responsive-json-new='{\"font-size\":\"\",\"line-height\":\"\"}'  style=\"\">Vend ou ach\u00e8te des vid\u00e9os sur notre march\u00e9<\/div> <!-- description --><\/div> <!-- aio-icon-box --><\/a><\/div> <!-- aio-icon-component -->[\/vc_column_inner][vc_column_inner width=\u00a0\u00bb1\/3&Prime;][\/vc_column_inner][\/vc_row_inner][\/vc_column][\/vc_row][vc_row css=\u00a0\u00bb.vc_custom_1447151984918{margin-bottom: 55px !important;}\u00a0\u00bb][vc_column css=\u00a0\u00bb.vc_custom_1487253180828{margin-top: 60px !important;}\u00a0\u00bb]<div id=\"ultimate-heading-843169e6e1b228b99\" class=\"uvc-heading ult-adjust-bottom-margin ultimate-heading-843169e6e1b228b99 uvc-6383 \" data-hspacer=\"line_with_icon\" data-hline_width=\"280\" data-hicon_type=\"custom\" data-hborder_style=\"solid\" data-hborder_height=\"1\" data-hborder_color=\"#eeeeee\" data-icon_width=\"20\" data-hfixer=\"10\"  data-halign=\"center\" style=\"text-align:center\"><div class=\"uvc-main-heading ult-responsive\"  data-ultimate-target='.uvc-heading.ultimate-heading-843169e6e1b228b99 h2'  data-responsive-json-new='{\"font-size\":\"\",\"line-height\":\"\"}' ><h2 style=\"font-weight:bold;\">Tu es au bon endroit<\/h2><\/div><div class=\"uvc-heading-spacer line_with_icon\" style=\"margin-top:18px;margin-bottom:25px;\"><div class=\"ult-just-icon-wrapper  \"><div class=\"align-icon\" style=\"text-align:center;\">\n<div class=\"aio-icon-img \" style=\"font-size:20px;display:inline-block;\" >\n\t<img decoding=\"async\" class=\"img-icon\" alt=\"\" src=\"https:\/\/support.wim.tv\/wp-content\/uploads\/2017\/02\/like.png\"\/>\n<\/div><\/div><\/div><\/div><div class=\"uvc-sub-heading ult-responsive\"  data-ultimate-target='.uvc-heading.ultimate-heading-843169e6e1b228b99 .uvc-sub-heading '  data-responsive-json-new='{\"font-size\":\"\",\"line-height\":\"\"}'  style=\"font-weight:normal;\">Le service \u00e0 la client\u00e8le est l&rsquo;une de nos forces. Contacte-nous pour obtenir des informations sur l&rsquo;utilisation de la plate-forme ou pour d&rsquo;autres exigences concernant l&rsquo;utilisation de la vid\u00e9o dans ton entreprise<\/div><\/div>[\/vc_column][\/vc_row][vc_row css=\u00a0\u00bb.vc_custom_1447859137643{padding-bottom: 30px !important;}\u00a0\u00bb][vc_column][vc_progress_bar values=\u00a0\u00bb%5B%7B%22label%22%3A%22Service%20de%20support%20par%20e-mail%22%2C%22value%22%3A%22100%22%2C%22color%22%3A%22custom%22%2C%22customcolor%22%3A%22%23f1494b%22%2C%22customtxtcolor%22%3A%22%23ffffff%22%7D%2C%7B%22label%22%3A%22Service%20de%20support%20via%20Live%20Chat%22%2C%22value%22%3A%22100%22%2C%22color%22%3A%22custom%22%2C%22customcolor%22%3A%22%23fecc17%22%2C%22customtxtcolor%22%3A%22%23ffffff%22%7D%2C%7B%22label%22%3A%22Service%20de%20support%20via%20Helpline%22%2C%22value%22%3A%22100%22%2C%22color%22%3A%22custom%22%2C%22customcolor%22%3A%22%233db39e%22%2C%22customtxtcolor%22%3A%22%23ffffff%22%7D%2C%7B%22label%22%3A%22Site%20de%20support%22%2C%22value%22%3A%22100%22%2C%22color%22%3A%22custom%22%2C%22customcolor%22%3A%22%2308c1f3%22%2C%22customtxtcolor%22%3A%22%23ffffff%22%7D%5D\u00a0\u00bb css=\u00a0\u00bb.vc_custom_1487346525934{margin-top: 6px !important;}\u00a0\u00bb][\/vc_column][\/vc_row]<\/p>\n<\/div>","protected":false},"excerpt":{"rendered":"<p>[vc_row css=\u00a0\u00bb.vc_custom_1447235382384{margin-top: -30px !important;margin-bottom: 80px !important;}\u00a0\u00bb][vc_column][rev_slider_vc alias=\u00a0\u00bbhomefr\u00a0\u00bb][\/vc_column][\/vc_row][vc_row][vc_column][vc_wp_search][\/vc_column][\/vc_row][vc_row el_class=\u00a0\u00bbfw300&Prime; css=\u00a0\u00bb.vc_custom_1446654425870{margin-top: 19px !important;margin-bottom: 35px !important;}\u00a0\u00bb][vc_column width=\u00a0\u00bb1\/2&Prime;][\/vc_column][vc_column width=\u00a0\u00bb1\/2&Prime;][\/vc_column][\/vc_row][vc_row bg_type=\u00a0\u00bbimage\u00a0\u00bb parallax_style=\u00a0\u00bbvcpb-default\u00a0\u00bb bg_image_new=\u00a0\u00bbid^7527|url^https:\/\/support.wim.tv\/wp-content\/uploads\/2015\/11\/background.jpg|caption^null|alt^null|title^background|description^null\u00a0\u00bb bg_image_posiiton=\u00a0\u00bbcenter bottom\u00a0\u00bb bg_override=\u00a0\u00bbfull\u00a0\u00bb css=\u00a0\u00bb.vc_custom_1487250245930{margin-bottom: 0px !important;padding-top: 65px !important;padding-bottom: 65px !important;background-color: #37c3d0 !important;}\u00a0\u00bb][vc_column][vc_row_inner][vc_column_inner width=\u00a0\u00bb1\/3&Prime;][\/vc_column_inner][vc_column_inner width=\u00a0\u00bb1\/3&Prime;][\/vc_column_inner][vc_column_inner width=\u00a0\u00bb1\/3&Prime;][\/vc_column_inner][\/vc_row_inner][vc_row_inner][vc_column_inner width=\u00a0\u00bb1\/3&Prime;][\/vc_column_inner][vc_column_inner width=\u00a0\u00bb1\/3&Prime;][\/vc_column_inner][vc_column_inner width=\u00a0\u00bb1\/3&Prime;][\/vc_column_inner][\/vc_row_inner][\/vc_column][\/vc_row][vc_row css=\u00a0\u00bb.vc_custom_1447151984918{margin-bottom: 55px !important;}\u00a0\u00bb][vc_column css=\u00a0\u00bb.vc_custom_1487253180828{margin-top: 60px !important;}\u00a0\u00bb][\/vc_column][\/vc_row][vc_row css=\u00a0\u00bb.vc_custom_1447859137643{padding-bottom: 30px !important;}\u00a0\u00bb][vc_column][vc_progress_bar values=\u00a0\u00bb%5B%7B%22label%22%3A%22Service%20de%20support%20par%20e-mail%22%2C%22value%22%3A%22100%22%2C%22color%22%3A%22custom%22%2C%22customcolor%22%3A%22%23f1494b%22%2C%22customtxtcolor%22%3A%22%23ffffff%22%7D%2C%7B%22label%22%3A%22Service%20de%20support%20via%20Live%20Chat%22%2C%22value%22%3A%22100%22%2C%22color%22%3A%22custom%22%2C%22customcolor%22%3A%22%23fecc17%22%2C%22customtxtcolor%22%3A%22%23ffffff%22%7D%2C%7B%22label%22%3A%22Service%20de%20support%20via%20Helpline%22%2C%22value%22%3A%22100%22%2C%22color%22%3A%22custom%22%2C%22customcolor%22%3A%22%233db39e%22%2C%22customtxtcolor%22%3A%22%23ffffff%22%7D%2C%7B%22label%22%3A%22Site%20de%20support%22%2C%22value%22%3A%22100%22%2C%22color%22%3A%22custom%22%2C%22customcolor%22%3A%22%2308c1f3%22%2C%22customtxtcolor%22%3A%22%23ffffff%22%7D%5D\u00a0\u00bb css=\u00a0\u00bb.vc_custom_1487346525934{margin-top: 6px !important;}\u00a0\u00bb][\/vc_column][\/vc_row]<\/p>\n","protected":false},"author":53,"featured_media":0,"parent":0,"menu_order":0,"comment_status":"closed","ping_status":"closed","template":"","meta":{"footnotes":""},"class_list":["post-8913","page","type-page","status-publish","hentry"],"aioseo_notices":[],"_links":{"self":[{"href":"https:\/\/support.wim.tv\/fr\/wp-json\/wp\/v2\/pages\/8913","targetHints":{"allow":["GET"]}}],"collection":[{"href":"https:\/\/support.wim.tv\/fr\/wp-json\/wp\/v2\/pages"}],"about":[{"href":"https:\/\/support.wim.tv\/fr\/wp-json\/wp\/v2\/types\/page"}],"author":[{"embeddable":true,"href":"https:\/\/support.wim.tv\/fr\/wp-json\/wp\/v2\/users\/53"}],"replies":[{"embeddable":true,"href":"https:\/\/support.wim.tv\/fr\/wp-json\/wp\/v2\/comments?post=8913"}],"version-history":[{"count":0,"href":"https:\/\/support.wim.tv\/fr\/wp-json\/wp\/v2\/pages\/8913\/revisions"}],"wp:attachment":[{"href":"https:\/\/support.wim.tv\/fr\/wp-json\/wp\/v2\/media?parent=8913"}],"curies":[{"name":"wp","href":"https:\/\/api.w.org\/{rel}","templated":true}]}}