{"id":10745,"date":"2015-11-11T09:45:33","date_gmt":"2015-11-11T08:45:33","guid":{"rendered":"https:\/\/support.wim.tv\/?page_id=10745"},"modified":"2024-12-03T14:44:53","modified_gmt":"2024-12-03T13:44:53","slug":"home-auto-service","status":"publish","type":"page","link":"https:\/\/support.wim.tv\/pt\/","title":{"rendered":"Home &#8211; Auto Service"},"content":{"rendered":"<div class=\"wpb-content-wrapper\"><p>[vc_row css=&#8221;.vc_custom_1447235382384{margin-top: -30px !important;margin-bottom: 80px !important;}&#8221;][vc_column][rev_slider_vc alias=&#8221;homees-1&#8243;][\/vc_column][\/vc_row][vc_row][vc_column][vc_wp_search][\/vc_column][\/vc_row][vc_row el_class=&#8221;fw300&#8243; css=&#8221;.vc_custom_1446654425870{margin-top: 19px !important;margin-bottom: 35px !important;}&#8221;][vc_column width=&#8221;1\/2&#8243;]<div class=\"aio-icon-component    style_1\"><a class=\"aio-icon-box-link\" href=\"http:\/\/support.wim.tv\/wimtv-introduzione\/\" ><div id=\"Info-box-wrap-5437\" class=\"aio-icon-box top-icon\" style=\"\"  ><div class=\"aio-icon-top\"><div class=\"ult-just-icon-wrapper  \"><div class=\"align-icon\" style=\"text-align:center;\">\n<div class=\"aio-icon-img \" style=\"font-size:94px;border-style:solid;border-color:#eeeeee;border-width:3px;padding:0px;border-radius:500px;display:inline-block;\" >\n\t<img decoding=\"async\" class=\"img-icon\" alt=\"null\" src=\"https:\/\/support.wim.tv\/wp-content\/uploads\/2015\/11\/wrench-e1487258484361.png\"\/>\n<\/div><\/div><\/div><\/div><div class=\"aio-icon-header\" ><h3 class=\"aio-icon-title ult-responsive\"  data-ultimate-target='#Info-box-wrap-5437 .aio-icon-title'  data-responsive-json-new='{\"font-size\":\"desktop:24px;\",\"line-height\":\"desktop:32px;\"}'  style=\"\">A plataforma WimTV<\/h3><\/div> <!-- header --><div class=\"aio-icon-description ult-responsive\"  data-ultimate-target='#Info-box-wrap-5437 .aio-icon-description'  data-responsive-json-new='{\"font-size\":\"desktop:16px;\",\"line-height\":\"desktop:22px;\"}'  style=\"color:#9da1ad;\">Entre na p\u00e1gina dedicada \u00e0 plataforma WimTV e veja as p\u00e1ginas de suporte dos v\u00e1rios servi\u00e7os<\/div> <!-- description --><\/div> <!-- aio-icon-box --><\/a><\/div> <!-- aio-icon-component -->[\/vc_column][vc_column width=&#8221;1\/2&#8243;]<div class=\"aio-icon-component    style_1\"><a class=\"aio-icon-box-link\" href=\"http:\/\/support.wim.tv\/wimtv-faq\/\" ><div id=\"Info-box-wrap-5978\" class=\"aio-icon-box top-icon\" style=\"\"  ><div class=\"aio-icon-top\"><div class=\"ult-just-icon-wrapper  \"><div class=\"align-icon\" style=\"text-align:center;\">\n<div class=\"aio-icon-img \" style=\"font-size:94px;border-style:solid;border-color:#eeeeee;border-width:3px;padding:0px;border-radius:500px;display:inline-block;\" >\n\t<img decoding=\"async\" class=\"img-icon\" alt=\"null\" src=\"https:\/\/support.wim.tv\/wp-content\/uploads\/2017\/02\/question-e1487258787658.png\"\/>\n<\/div><\/div><\/div><\/div><div class=\"aio-icon-header\" ><h3 class=\"aio-icon-title ult-responsive\"  data-ultimate-target='#Info-box-wrap-5978 .aio-icon-title'  data-responsive-json-new='{\"font-size\":\"desktop:24px;\",\"line-height\":\"desktop:32px;\"}'  style=\"\">Perguntas frequentes<\/h3><\/div> <!-- header --><div class=\"aio-icon-description ult-responsive\"  data-ultimate-target='#Info-box-wrap-5978 .aio-icon-description'  data-responsive-json-new='{\"font-size\":\"desktop:16px;\",\"line-height\":\"desktop:22px;\"}'  style=\"color:#9da1ad;\">V\u00e1 para a p\u00e1gina das perguntas frequentes e encontre as informa\u00e7\u00f5es que voc\u00ea precisa!<\/div> <!-- description --><\/div> <!-- aio-icon-box --><\/a><\/div> <!-- aio-icon-component -->[\/vc_column][\/vc_row][vc_row bg_type=&#8221;image&#8221; parallax_style=&#8221;vcpb-default&#8221; bg_image_new=&#8221;id^7527|url^http:\/\/support.wim.tv\/wp-content\/uploads\/2015\/11\/background.jpg|caption^null|alt^null|title^background|description^null&#8221; bg_image_posiiton=&#8221;center bottom&#8221; bg_override=&#8221;full&#8221; css=&#8221;.vc_custom_1487250245930{margin-bottom: 0px !important;padding-top: 65px !important;padding-bottom: 65px !important;background-color: #37c3d0 !important;}&#8221;][vc_column]<div id=\"ultimate-heading-604069fc487b5583b\" class=\"uvc-heading ult-adjust-bottom-margin ultimate-heading-604069fc487b5583b uvc-2383 \" data-hspacer=\"line_with_icon\" data-hline_width=\"280\" data-hicon_type=\"custom\" data-hborder_style=\"solid\" data-hborder_height=\"1\" data-hborder_color=\"#ffffff\" data-icon_width=\"20\" data-hfixer=\"10\"  data-halign=\"center\" style=\"text-align:center\"><div class=\"uvc-main-heading ult-responsive\"  data-ultimate-target='.uvc-heading.ultimate-heading-604069fc487b5583b h2'  data-responsive-json-new='{\"font-size\":\"\",\"line-height\":\"\"}' ><h2 style=\"font-weight:bold;color:#ffffff;\">Os servi\u00e7os WimTV<\/h2><\/div><div class=\"uvc-heading-spacer line_with_icon\" style=\"margin-top:18px;margin-bottom:25px;\"><div class=\"ult-just-icon-wrapper  \"><div class=\"align-icon\" style=\"text-align:center;\">\n<div class=\"aio-icon-img \" style=\"font-size:20px;display:inline-block;\" >\n\t<img decoding=\"async\" class=\"img-icon\" alt=\"\" src=\"http:\/\/support.wim.tv\/wp-content\/uploads\/2017\/02\/play-button-1.png\"\/>\n<\/div><\/div><\/div><\/div><div class=\"uvc-sub-heading ult-responsive\"  data-ultimate-target='.uvc-heading.ultimate-heading-604069fc487b5583b .uvc-sub-heading '  data-responsive-json-new='{\"font-size\":\"\",\"line-height\":\"\"}'  style=\"font-weight:normal;color:#ffffff;margin-bottom:40px;\">WimTV \u00e9 a plataforma profissional para gerenciar seus v\u00eddeos on-line. Obtenha acesso aos servi\u00e7os, veja v\u00eddeos tutoriais e todas as informa\u00e7\u00f5es e otimize seu trabalho<\/div><\/div>[vc_row_inner][vc_column_inner width=&#8221;1\/3&#8243;]<div class=\"aio-icon-component    style_1\"><a class=\"aio-icon-box-link\" href=\"http:\/\/support.wim.tv\/wimtv-wimbox\/\" ><div id=\"Info-box-wrap-5678\" class=\"aio-icon-box default-icon\" style=\"\"  ><div class=\"aio-icon-default\"><div class=\"ult-just-icon-wrapper  \"><div class=\"align-icon\" style=\"text-align:center;\">\n<div class=\"aio-icon-img \" style=\"font-size:48px;display:inline-block;\" >\n\t<img decoding=\"async\" class=\"img-icon\" alt=\"null\" src=\"https:\/\/support.wim.tv\/wp-content\/uploads\/2017\/02\/folder-e1487245408790.png\"\/>\n<\/div><\/div><\/div><\/div><div class=\"aio-icon-header\" ><h3 class=\"aio-icon-title ult-responsive\"  data-ultimate-target='#Info-box-wrap-5678 .aio-icon-title'  data-responsive-json-new='{\"font-size\":\"\",\"line-height\":\"\"}'  style=\"\">WimBox<\/h3><\/div> <!-- header --><div class=\"aio-icon-description ult-responsive\"  data-ultimate-target='#Info-box-wrap-5678 .aio-icon-description'  data-responsive-json-new='{\"font-size\":\"\",\"line-height\":\"\"}'  style=\"\">Carregue e gerencie os seus v\u00eddeos<\/div> <!-- description --><\/div> <!-- aio-icon-box --><\/a><\/div> <!-- aio-icon-component -->[\/vc_column_inner][vc_column_inner width=&#8221;1\/3&#8243;]<div class=\"aio-icon-component    style_1\"><a class=\"aio-icon-box-link\" href=\"http:\/\/support.wim.tv\/wimtv-wimvod\/\" ><div id=\"Info-box-wrap-4656\" class=\"aio-icon-box default-icon\" style=\"\"  ><div class=\"aio-icon-default\"><div class=\"ult-just-icon-wrapper  \"><div class=\"align-icon\" style=\"text-align:center;\">\n<div class=\"aio-icon-img \" style=\"font-size:48px;display:inline-block;\" >\n\t<img decoding=\"async\" class=\"img-icon\" alt=\"null\" src=\"https:\/\/support.wim.tv\/wp-content\/uploads\/2017\/02\/play-e1487245434239.png\"\/>\n<\/div><\/div><\/div><\/div><div class=\"aio-icon-header\" ><h3 class=\"aio-icon-title ult-responsive\"  data-ultimate-target='#Info-box-wrap-4656 .aio-icon-title'  data-responsive-json-new='{\"font-size\":\"\",\"line-height\":\"\"}'  style=\"\">WimVod<\/h3><\/div> <!-- header --><div class=\"aio-icon-description ult-responsive\"  data-ultimate-target='#Info-box-wrap-4656 .aio-icon-description'  data-responsive-json-new='{\"font-size\":\"\",\"line-height\":\"\"}'  style=\"\">Gerencie seus v\u00eddeos publicados<\/div> <!-- description --><\/div> <!-- aio-icon-box --><\/a><\/div> <!-- aio-icon-component -->[\/vc_column_inner][vc_column_inner width=&#8221;1\/3&#8243;]<div class=\"aio-icon-component    style_1\"><a class=\"aio-icon-box-link\" href=\"http:\/\/support.wim.tv\/wimtv-wimlive\/\" ><div id=\"Info-box-wrap-2976\" class=\"aio-icon-box default-icon\" style=\"\"  ><div class=\"aio-icon-default\"><div class=\"ult-just-icon-wrapper  \"><div class=\"align-icon\" style=\"text-align:center;\">\n<div class=\"aio-icon-img \" style=\"font-size:48px;display:inline-block;\" >\n\t<img decoding=\"async\" class=\"img-icon\" alt=\"null\" src=\"https:\/\/support.wim.tv\/wp-content\/uploads\/2017\/02\/camera-e1487245446501.png\"\/>\n<\/div><\/div><\/div><\/div><div class=\"aio-icon-header\" ><h3 class=\"aio-icon-title ult-responsive\"  data-ultimate-target='#Info-box-wrap-2976 .aio-icon-title'  data-responsive-json-new='{\"font-size\":\"\",\"line-height\":\"\"}'  style=\"\">WimLive<\/h3><\/div> <!-- header --><div class=\"aio-icon-description ult-responsive\"  data-ultimate-target='#Info-box-wrap-2976 .aio-icon-description'  data-responsive-json-new='{\"font-size\":\"\",\"line-height\":\"\"}'  style=\"\">Transmite seus eventos ao vivo<\/div> <!-- description --><\/div> <!-- aio-icon-box --><\/a><\/div> <!-- aio-icon-component -->[\/vc_column_inner][\/vc_row_inner][vc_row_inner][vc_column_inner width=&#8221;1\/3&#8243;]<div class=\"aio-icon-component    style_1\"><a class=\"aio-icon-box-link\" href=\"http:\/\/support.wim.tv\/wimcast\/\" ><div id=\"Info-box-wrap-9788\" class=\"aio-icon-box default-icon\" style=\"\"  ><div class=\"aio-icon-default\"><div class=\"ult-just-icon-wrapper  \"><div class=\"align-icon\" style=\"text-align:center;\">\n<div class=\"aio-icon-img \" style=\"font-size:48px;display:inline-block;\" >\n\t<img decoding=\"async\" class=\"img-icon\" alt=\"null\" src=\"https:\/\/support.wim.tv\/wp-content\/uploads\/2017\/04\/calendar.png\"\/>\n<\/div><\/div><\/div><\/div><div class=\"aio-icon-header\" ><h3 class=\"aio-icon-title ult-responsive\"  data-ultimate-target='#Info-box-wrap-9788 .aio-icon-title'  data-responsive-json-new='{\"font-size\":\"\",\"line-height\":\"\"}'  style=\"\">WimCast<\/h3><\/div> <!-- header --><div class=\"aio-icon-description ult-responsive\"  data-ultimate-target='#Info-box-wrap-9788 .aio-icon-description'  data-responsive-json-new='{\"font-size\":\"\",\"line-height\":\"\"}'  style=\"\">Crie servi\u00e7os programados come na TV!<\/div> <!-- description --><\/div> <!-- aio-icon-box --><\/a><\/div> <!-- aio-icon-component -->[\/vc_column_inner][vc_column_inner width=&#8221;1\/3&#8243;]<div class=\"aio-icon-component    style_1\"><a class=\"aio-icon-box-link\" href=\"http:\/\/support.wim.tv\/wimtrade\/\" ><div id=\"Info-box-wrap-3849\" class=\"aio-icon-box default-icon\" style=\"\"  ><div class=\"aio-icon-default\"><div class=\"ult-just-icon-wrapper  \"><div class=\"align-icon\" style=\"text-align:center;\">\n<div class=\"aio-icon-img \" style=\"font-size:48px;display:inline-block;\" >\n\t<img decoding=\"async\" class=\"img-icon\" alt=\"null\" src=\"https:\/\/support.wim.tv\/wp-content\/uploads\/2017\/02\/agreement-e1487245469155.png\"\/>\n<\/div><\/div><\/div><\/div><div class=\"aio-icon-header\" ><h3 class=\"aio-icon-title ult-responsive\"  data-ultimate-target='#Info-box-wrap-3849 .aio-icon-title'  data-responsive-json-new='{\"font-size\":\"\",\"line-height\":\"\"}'  style=\"\">WimTrade<\/h3><\/div> <!-- header --><div class=\"aio-icon-description ult-responsive\"  data-ultimate-target='#Info-box-wrap-3849 .aio-icon-description'  data-responsive-json-new='{\"font-size\":\"\",\"line-height\":\"\"}'  style=\"\">Vendar ou compre v\u00eddeos no nosso mercado<\/div> <!-- description --><\/div> <!-- aio-icon-box --><\/a><\/div> <!-- aio-icon-component -->[\/vc_column_inner][vc_column_inner width=&#8221;1\/3&#8243;][\/vc_column_inner][\/vc_row_inner][\/vc_column][\/vc_row][vc_row css=&#8221;.vc_custom_1447151984918{margin-bottom: 55px !important;}&#8221;][vc_column css=&#8221;.vc_custom_1487253180828{margin-top: 60px !important;}&#8221;]<div id=\"ultimate-heading-217669fc487b568d1\" class=\"uvc-heading ult-adjust-bottom-margin ultimate-heading-217669fc487b568d1 uvc-1704 \" data-hspacer=\"line_with_icon\" data-hline_width=\"280\" data-hicon_type=\"custom\" data-hborder_style=\"solid\" data-hborder_height=\"1\" data-hborder_color=\"#eeeeee\" data-icon_width=\"20\" data-hfixer=\"10\"  data-halign=\"center\" style=\"text-align:center\"><div class=\"uvc-main-heading ult-responsive\"  data-ultimate-target='.uvc-heading.ultimate-heading-217669fc487b568d1 h2'  data-responsive-json-new='{\"font-size\":\"\",\"line-height\":\"\"}' ><h2 style=\"font-weight:bold;\">Voc\u00ea est\u00e1 no lugar certo<\/h2><\/div><div class=\"uvc-heading-spacer line_with_icon\" style=\"margin-top:18px;margin-bottom:25px;\"><div class=\"ult-just-icon-wrapper  \"><div class=\"align-icon\" style=\"text-align:center;\">\n<div class=\"aio-icon-img \" style=\"font-size:20px;display:inline-block;\" >\n\t<img decoding=\"async\" class=\"img-icon\" alt=\"\" src=\"http:\/\/support.wim.tv\/wp-content\/uploads\/2017\/02\/like.png\"\/>\n<\/div><\/div><\/div><\/div><div class=\"uvc-sub-heading ult-responsive\"  data-ultimate-target='.uvc-heading.ultimate-heading-217669fc487b568d1 .uvc-sub-heading '  data-responsive-json-new='{\"font-size\":\"\",\"line-height\":\"\"}'  style=\"font-weight:normal;\">Apoio e servi\u00e7o ao cliente \u00e9 uma das nossas for\u00e7as. Entre em contato conosco para obter informa\u00e7\u00f5es sobre como usar a plataforma ou outros requisitos relacionados ao uso de v\u00eddeo em sua empresa<\/div><\/div>[\/vc_column][\/vc_row][vc_row css=&#8221;.vc_custom_1447859137643{padding-bottom: 30px !important;}&#8221;][vc_column][vc_progress_bar values=&#8221;%5B%7B%22label%22%3A%22Servi%C3%A7o%20de%20suporte%20via%20e-mail%22%2C%22value%22%3A%22100%22%2C%22color%22%3A%22custom%22%2C%22customcolor%22%3A%22%23f1494b%22%2C%22customtxtcolor%22%3A%22%23ffffff%22%7D%2C%7B%22label%22%3A%22Servi%C3%A7o%20de%20suporte%20via%20Live%20Chat%22%2C%22value%22%3A%22100%22%2C%22color%22%3A%22custom%22%2C%22customcolor%22%3A%22%23fecc17%22%2C%22customtxtcolor%22%3A%22%23ffffff%22%7D%2C%7B%22label%22%3A%22Servi%C3%A7o%20de%20suporte%20via%20Linha%20de%20Apoio%22%2C%22value%22%3A%22100%22%2C%22color%22%3A%22custom%22%2C%22customcolor%22%3A%22%233db39e%22%2C%22customtxtcolor%22%3A%22%23ffffff%22%7D%2C%7B%22label%22%3A%22Site%20de%20suporte%22%2C%22value%22%3A%22100%22%2C%22color%22%3A%22custom%22%2C%22customcolor%22%3A%22%2308c1f3%22%2C%22customtxtcolor%22%3A%22%23ffffff%22%7D%5D&#8221; css=&#8221;.vc_custom_1487600702712{margin-top: 6px !important;}&#8221;][\/vc_column][\/vc_row]<\/p>\n<\/div>","protected":false},"excerpt":{"rendered":"<p>[vc_row css=&#8221;.vc_custom_1447235382384{margin-top: -30px !important;margin-bottom: 80px !important;}&#8221;][vc_column][rev_slider_vc alias=&#8221;homees-1&#8243;][\/vc_column][\/vc_row][vc_row][vc_column][vc_wp_search][\/vc_column][\/vc_row][vc_row el_class=&#8221;fw300&#8243; css=&#8221;.vc_custom_1446654425870{margin-top: 19px !important;margin-bottom: 35px !important;}&#8221;][vc_column width=&#8221;1\/2&#8243;][\/vc_column][vc_column width=&#8221;1\/2&#8243;][\/vc_column][\/vc_row][vc_row bg_type=&#8221;image&#8221; parallax_style=&#8221;vcpb-default&#8221; bg_image_new=&#8221;id^7527|url^http:\/\/support.wim.tv\/wp-content\/uploads\/2015\/11\/background.jpg|caption^null|alt^null|title^background|description^null&#8221; bg_image_posiiton=&#8221;center bottom&#8221; bg_override=&#8221;full&#8221; css=&#8221;.vc_custom_1487250245930{margin-bottom: 0px !important;padding-top: 65px !important;padding-bottom: 65px !important;background-color: #37c3d0 !important;}&#8221;][vc_column][vc_row_inner][vc_column_inner width=&#8221;1\/3&#8243;][\/vc_column_inner][vc_column_inner width=&#8221;1\/3&#8243;][\/vc_column_inner][vc_column_inner width=&#8221;1\/3&#8243;][\/vc_column_inner][\/vc_row_inner][vc_row_inner][vc_column_inner width=&#8221;1\/3&#8243;][\/vc_column_inner][vc_column_inner width=&#8221;1\/3&#8243;][\/vc_column_inner][vc_column_inner width=&#8221;1\/3&#8243;][\/vc_column_inner][\/vc_row_inner][\/vc_column][\/vc_row][vc_row css=&#8221;.vc_custom_1447151984918{margin-bottom: 55px !important;}&#8221;][vc_column css=&#8221;.vc_custom_1487253180828{margin-top: 60px !important;}&#8221;][\/vc_column][\/vc_row][vc_row css=&#8221;.vc_custom_1447859137643{padding-bottom: 30px !important;}&#8221;][vc_column][vc_progress_bar values=&#8221;%5B%7B%22label%22%3A%22Servi%C3%A7o%20de%20suporte%20via%20e-mail%22%2C%22value%22%3A%22100%22%2C%22color%22%3A%22custom%22%2C%22customcolor%22%3A%22%23f1494b%22%2C%22customtxtcolor%22%3A%22%23ffffff%22%7D%2C%7B%22label%22%3A%22Servi%C3%A7o%20de%20suporte%20via%20Live%20Chat%22%2C%22value%22%3A%22100%22%2C%22color%22%3A%22custom%22%2C%22customcolor%22%3A%22%23fecc17%22%2C%22customtxtcolor%22%3A%22%23ffffff%22%7D%2C%7B%22label%22%3A%22Servi%C3%A7o%20de%20suporte%20via%20Linha%20de%20Apoio%22%2C%22value%22%3A%22100%22%2C%22color%22%3A%22custom%22%2C%22customcolor%22%3A%22%233db39e%22%2C%22customtxtcolor%22%3A%22%23ffffff%22%7D%2C%7B%22label%22%3A%22Site%20de%20suporte%22%2C%22value%22%3A%22100%22%2C%22color%22%3A%22custom%22%2C%22customcolor%22%3A%22%2308c1f3%22%2C%22customtxtcolor%22%3A%22%23ffffff%22%7D%5D&#8221; css=&#8221;.vc_custom_1487600702712{margin-top: 6px !important;}&#8221;][\/vc_column][\/vc_row]<\/p>\n","protected":false},"author":5,"featured_media":0,"parent":0,"menu_order":0,"comment_status":"closed","ping_status":"closed","template":"","meta":{"footnotes":""},"class_list":["post-10745","page","type-page","status-publish","hentry"],"aioseo_notices":[],"_links":{"self":[{"href":"https:\/\/support.wim.tv\/pt\/wp-json\/wp\/v2\/pages\/10745","targetHints":{"allow":["GET"]}}],"collection":[{"href":"https:\/\/support.wim.tv\/pt\/wp-json\/wp\/v2\/pages"}],"about":[{"href":"https:\/\/support.wim.tv\/pt\/wp-json\/wp\/v2\/types\/page"}],"author":[{"embeddable":true,"href":"https:\/\/support.wim.tv\/pt\/wp-json\/wp\/v2\/users\/5"}],"replies":[{"embeddable":true,"href":"https:\/\/support.wim.tv\/pt\/wp-json\/wp\/v2\/comments?post=10745"}],"version-history":[{"count":2,"href":"https:\/\/support.wim.tv\/pt\/wp-json\/wp\/v2\/pages\/10745\/revisions"}],"predecessor-version":[{"id":10871,"href":"https:\/\/support.wim.tv\/pt\/wp-json\/wp\/v2\/pages\/10745\/revisions\/10871"}],"wp:attachment":[{"href":"https:\/\/support.wim.tv\/pt\/wp-json\/wp\/v2\/media?parent=10745"}],"curies":[{"name":"wp","href":"https:\/\/api.w.org\/{rel}","templated":true}]}}